{"id":15364,"date":"2020-10-07T11:15:40","date_gmt":"2020-10-07T09:15:40","guid":{"rendered":"https:\/\/menz-gasser.lessismore.co.it\/privacy-policy\/"},"modified":"2022-11-23T11:08:37","modified_gmt":"2022-11-23T10:08:37","slug":"privacy-policy","status":"publish","type":"page","link":"https:\/\/www.menz-gasser.it\/de\/privacy-policy\/","title":{"rendered":"Privacy Policy"},"content":{"rendered":"<p><div class=\"fusion-fullwidth fullwidth-box fusion-builder-row-1 fusion-flex-container nonhundred-percent-fullwidth non-hundred-percent-height-scrolling\" style=\"--awb-border-radius-top-left:0px;--awb-border-radius-top-right:0px;--awb-border-radius-bottom-right:0px;--awb-border-radius-bottom-left:0px;--awb-flex-wrap:wrap;\" ><div class=\"fusion-builder-row fusion-row fusion-flex-align-items-center fusion-flex-justify-content-center fusion-flex-content-wrap\" style=\"max-width:1331.2px;margin-left: calc(-4% \/ 2 );margin-right: calc(-4% \/ 2 );\"><div class=\"fusion-layout-column fusion_builder_column fusion-builder-column-0 fusion_builder_column_3_4 3_4 fusion-flex-column\" style=\"--awb-bg-size:cover;--awb-width-large:75%;--awb-margin-top-large:0px;--awb-spacing-right-large:2.56%;--awb-margin-bottom-large:0px;--awb-spacing-left-large:2.56%;--awb-width-medium:100%;--awb-order-medium:0;--awb-spacing-right-medium:1.92%;--awb-spacing-left-medium:1.92%;--awb-width-small:100%;--awb-order-small:0;--awb-spacing-right-small:1.92%;--awb-spacing-left-small:1.92%;\"><div class=\"fusion-column-wrapper fusion-column-has-shadow fusion-flex-justify-content-flex-start fusion-content-layout-column\"><div class=\"fusion-title title fusion-title-1 fusion-sep-none fusion-title-center fusion-title-text fusion-title-size-one\" style=\"--awb-margin-top:0px;--awb-margin-bottom:20px;--awb-margin-top-small:0px;--awb-margin-bottom-small:0px;\"><h1 class=\"fusion-title-heading title-heading-center fusion-responsive-typography-calculated\" style=\"margin:0;--fontSize:58;line-height:1.2;\">Datenschutzrichtlinie<\/h1><\/div><div class=\"fusion-separator fusion-full-width-sep\" style=\"align-self: center;margin-left: auto;margin-right: auto;margin-bottom:40px;width:100%;\"><\/div><\/div><\/div><\/div><\/div><div class=\"fusion-fullwidth fullwidth-box fusion-builder-row-2 fusion-flex-container has-pattern-background has-mask-background nonhundred-percent-fullwidth non-hundred-percent-height-scrolling\" style=\"--awb-border-radius-top-left:0px;--awb-border-radius-top-right:0px;--awb-border-radius-bottom-right:0px;--awb-border-radius-bottom-left:0px;--awb-flex-wrap:wrap;\" ><div class=\"fusion-builder-row fusion-row fusion-flex-align-items-flex-start fusion-flex-justify-content-center fusion-flex-content-wrap\" style=\"max-width:1331.2px;margin-left: calc(-4% \/ 2 );margin-right: calc(-4% \/ 2 );\"><div class=\"fusion-layout-column fusion_builder_column fusion-builder-column-1 fusion_builder_column_3_4 3_4 fusion-flex-column ad-lista\" style=\"--awb-bg-size:cover;--awb-width-large:75%;--awb-margin-top-large:0px;--awb-spacing-right-large:2.56%;--awb-margin-bottom-large:0px;--awb-spacing-left-large:2.56%;--awb-width-medium:100%;--awb-order-medium:0;--awb-spacing-right-medium:1.92%;--awb-spacing-left-medium:1.92%;--awb-width-small:100%;--awb-order-small:0;--awb-spacing-right-small:1.92%;--awb-spacing-left-small:1.92%;\"><div class=\"fusion-column-wrapper fusion-column-has-shadow fusion-flex-justify-content-flex-start fusion-content-layout-column\"><div class=\"fusion-text fusion-text-1 awb-text-cols fusion-text-columns-2\" style=\"--awb-font-size:16px;--awb-columns:2;--awb-column-spacing:50px;--awb-column-min-width:450px;\"><p>Gem\u00e4\u00df Art. 13 der Verordnung (EU) 2016\/679 (DSGVO) und der Ma\u00dfnahme Nr. 231 vom 10 Juni 2021 \u00fcber den Einsatz von Cookies informieren wir hiermit die Besucher der Website \u00fcber die Verwendung der \u00fcbermittelten Daten und der von der Website verwendeten Cookies. Die vorliegende Datenschutzerkl\u00e4rung entspricht auch der Empfehlung Nr. 2\/2001, die von der kraft Artikel 29 der Richtlinie 95\/46\/EG eingesetzten Arbeitsgruppe angenommen wurde.<\/p>\n<p>Sie nimmt Bezug auf die Websites und Portale von Menz &amp; Gasser AG, nicht jedoch auf andere verlinkte Webseiten.<\/p>\n<p><strong>VERANTWORTLICHER<\/strong><\/p>\n<p>Beim Besuch der Website k\u00f6nnen personenbezogene Daten oder sonstige mit dem Nutzer verkn\u00fcpfbare Daten verarbeitet werden, auch jene, die durch den Einsatz von Cookies erhoben werden. Der Verantwortliche ist Menz &amp; Gasser AG mit Sitz in Novaledo (TN).<\/p>\n<p>Der Verantwortliche kann unter den folgenden Kontaktdaten erreicht werden:<\/p>\n<p><strong>Tel<\/strong>: 0461 720600<\/p>\n<p><strong>E-Mail<\/strong>: info@menz-gasser.it<\/p>\n<p><strong>DATENSCHUTZBEAUFTRAGTER<\/strong><\/p>\n<p>Menz &amp; Gasser AG hat einen Datenschutzbeauftragten ernannt, der unter den folgenden Adressen erreichbar ist:<\/p>\n<p><strong>Tel<\/strong>: 0471920141<\/p>\n<p><strong>E-mail certificata (PEC)<\/strong>: <a href=\"mailto:dpo@pec.brennercom.net\">dpo@pec.brennercom.net<\/a><\/p>\n<p><strong>ZWECK UND MODALIT\u00c4TEN DER VERARBEITUNG<\/strong><\/p>\n<p><strong>SURFDATEN <\/strong><\/p>\n<p>Die f\u00fcr den Betrieb dieser Website verwendeten Computersysteme und Softwareverfahren erfassen w\u00e4hrend ihres normalen Betriebs einige personenbezogene Daten, deren \u00dcbertragung implizit mit der Verwendung von Internet-Kommunikationsprotokollen erfolgt.<\/p>\n<p>Diese Informationen werden nicht erhoben, um identifizierten Personen zugeordnet zu werden, k\u00f6nnten aber aufgrund ihrer Art durch die Verarbeitung und Verkn\u00fcpfung mit im Besitz Dritter befindlicher Daten eine Identifizierung der Nutzer erm\u00f6glichen.<\/p>\n<p>Zu dieser Datenkategorie geh\u00f6ren IP-Adressen oder Dom\u00e4nennamen der von Nutzern zur Verbindung mit der Website verwendeten Computer, URI-Adressen (Uniform Resource Identifier) der angeforderten Ressourcen, der Zeitpunkt der Anfrage, das Verfahren zum \u00dcbermitteln der Anfrage an den Server, die Gr\u00f6\u00dfe der als Antwort erhaltenen Datei, der Zahlencode des Status der Serverantwort (erfolgreich, Fehler usw.) und andere Parameter des Betriebssystems und der Computerumgebung.<\/p>\n<p>Diese Daten werden nur verwendet werden, um anonyme statistische Informationen \u00fcber die Nutzung der Website zu erhalten sowie deren einwandfreie Funktion zu \u00fcberpr\u00fcfen und werden unmittelbar nach der Verarbeitung gel\u00f6scht. Die Daten k\u00f6nnten zum Feststellen der Verantwortlichkeit im Falle anzunehmender Computerkriminalit\u00e4t zum Schaden der Website verwendet werden.<\/p>\n<p><strong>\u00dcBER DAS KONTAKTFORMULAR UND IN DEN ENTSPRECHENDEN ABSCHNITTEN ERFASSTE DATEN<\/strong><\/p>\n<p>Diese Informationen beziehen sich auf vom Nutzer freiwillig zur Verf\u00fcgung gestellte Daten.<\/p>\n<ul>\n<li>\n<p><strong>KONTAKTSEITE<\/strong>: Die angegebenen Daten werden ausschlie\u00dflich zur Bearbeitung Ihrer Anfrage verwendet. Die erhobenen Daten werden nur so lange aufbewahrt, wie es f\u00fcr die R\u00fcckmeldung erforderlich ist. Diese Verarbeitung erfolgt gem\u00e4\u00df der von Ihnen erteilten Einwilligung. Sollten Sie die Einwilligung zur Verarbeitung Ihrer Daten verweigern, kann Ihre Anfrage nicht bearbeitet werden. Alle sonstigen Zwecke im Zusammenhang mit Marketingaktivit\u00e4ten (Versand von Werbe- und\/oder Promotionsmaterial) bed\u00fcrfen der ausdr\u00fccklichen, gesondert erteilten Einwilligung.<\/p>\n<\/li>\n<li>\n<p><strong>NEWSLETTER<\/strong>: Die erhobenen Daten werden f\u00fcr den Versand von Informationsmaterial verwendet und f\u00fcr diesen Zweck aufbewahrt und verarbeitet, bis die betroffene Person einen Antrag auf L\u00f6schung\/Abmeldung \u00fcber die hierf\u00fcr vorgesehenen Kan\u00e4le stellt. Alle sonstigen Zwecke im Zusammenhang mit Marketingaktivit\u00e4ten (Versand von Werbe- und\/oder Promotionsmaterial) bed\u00fcrfen der ausdr\u00fccklichen, gesondert erteilten Einwilligung.<\/p>\n<\/li>\n<li>\n<p><strong>DOWNLOADBEREICH \/ REGISTRIERUNG<\/strong>: Wir informieren Sie, dass die von Ihnen angegebenen Daten ausschlie\u00dflich f\u00fcr den Zugang zum Downloadbereich und zur Einsicht in die technischen und logistischen Datenbl\u00e4tter verwendet werden. Diese Verarbeitung erfolgt auf der Grundlage Ihrer Einwilligung. Eine Verweigerung der Verarbeitung Ihrer Daten macht es unm\u00f6glich, Ihre Anfrage zu erf\u00fcllen.<\/p>\n<\/li>\n<\/ul>\n<ul>\n<li>\n<p><strong>ARBEITSANGEBOTE<\/strong>: Ihre Daten werden f\u00fcr Rekrutierungs- und Auswahlzwecke verwendet. Ihre Daten d\u00fcrfen nur an Personen weitergegeben werden, die direkt f\u00fcr Aufgaben im Zusammenhang mit dem Auswahlverfahren und dem Arbeitsverh\u00e4ltnis zust\u00e4ndig sind, einschlie\u00dflich Dritter, beispielsweise Gewerkschaften, Unternehmen, die auf dem Gebiet der Personalauswahl, Arbeitsberatung, Datenverarbeitung, Ausbildung, Gesundheit und Sicherheit am Arbeitsplatz t\u00e4tig sind, sowie an eigens hierzu beauftragtes Personal der Einrichtung und an \u00f6ffentliche Verwaltungen und K\u00f6rperschaften im Zusammenhang mit der rechtlichen, wirtschaftlichen, Sozialversicherungs- und F\u00fcrsorgeposition des Arbeitnehmers. Ihre personenbezogenen Daten werden nur f\u00fcr den Zeitraum aufbewahrt, der zur Beurteilung Ihrer Position unbedingt erforderlich ist. Diese Verarbeitung erfolgt zur Ausf\u00fchrung vorvertraglicher Ma\u00dfnahmen, die auf Antrag der betroffenen Person getroffen werden.<\/p>\n<\/li>\n<\/ul>\n<p>Die oben genannten Verarbeitungsmodalit\u00e4ten werden rein computergest\u00fctzt durchgef\u00fchrt, schlie\u00dfen aber die Verarbeitung in Papierform nicht aus. Ihre Daten k\u00f6nnen an Personen weitergegeben werden, die als Empf\u00e4nger im Sinne von Art. 4 oder als Auftragsverarbeiter im Sinne von Art. 28 der DSGVO gelten und f\u00fcr Aufgaben zust\u00e4ndig sind, die der Bearbeitung Ihrer an uns gerichteten Anfrage dienen.<\/p>\n<p><strong>COOKIES UND PASSIVE IDENTIFIKATOREN<\/strong><\/p>\n<p>Cookies sind kleine, in der Regel alphanumerische Textdateien, die beim Besuch einer Webseite im Speicher Ihres Browsers oder Ihres Ger\u00e4ts abgelegt und f\u00fcr die Dauer des Besuchs oder l\u00e4nger gespeichert werden k\u00f6nnen. Anhand dieser Cookies kann ein Server Sie nach dem Erstbesuch wiedererkennen.<\/p>\n<p>Ma\u00dfnahme Nr. 231 der italienischen Datenschutzbeh\u00f6rde vom 10. Juni 2021 gibt vor, dass technische Cookies und passive technische Identifikatoren keiner Zustimmung bed\u00fcrfen, da sie f\u00fcr den Betrieb der Website notwendig sind.<\/p>\n<p>Es handelt sich dabei um andere Tracking-Instrumente, die die gleiche Funktion wie Cookies haben, aber eine andere Technologie, da der Nutzer nicht \u00fcber eigenst\u00e4ndig funktionsf\u00e4hige Instrumente verf\u00fcgt, sondern zwangsl\u00e4ufig auf die Ma\u00dfnahmen des Eigent\u00fcmers zur\u00fcckgreifen muss. Letztere bedient sich n\u00e4mlich einer Lesetechnik, die nicht die Speicherung von Informationen im Ger\u00e4t des Nutzers voraussetzt, sondern die blo\u00dfe Beobachtung der Konfigurationen, die das Ger\u00e4t kennzeichnen und es identifizierbar machen, und deren Ergebnis in einem &#8222;Profil&#8220; festgehalten wird, das bei alleiniger Verf\u00fcgbarkeit des Verantwortlichen verbleibt, zu dem der Betroffene nat\u00fcrlich keinen freien und direkten Zugang hat und von dem er m\u00f6glicherweise nicht einmal im Voraus Kenntnis hat.<\/p>\n<p><strong>M\u00d6GLICHKEITEN, DIE EINWILLIGUNG ZU COOKIES UND\/ODER PASSIVEN UNTECHNISCHEN IDENTIFIKATOREN AUSZUDR\u00dcCKEN, ZU WIDERRUFEN ODER ZU AKTUALISIEREN<\/strong><\/p>\n<p>Beim ersten Besuch der Website kann der Nutzer der Verwendung von Cookies und\/oder anderen untechnischen passiven Identifikatoren zustimmen, indem er auf die Schaltfl\u00e4che &#8222;Alle akzeptieren&#8220; im Banner selbst klickt, oder die Zustimmung verweigern, indem er die Schaltfl\u00e4che &#8222;X&#8220; oder &#8222;Alblehnen&#8220; w\u00e4hlt.<\/p>\n<p>Alternativ dazu k\u00f6nnen Sie jederzeit einzelne Cookie-Kategorien ausw\u00e4hlen oder deaktivieren und Ihre Wahl durch Anklicken des entsprechenden Icons \u201eCookie-Tracking-Einstellungen aktualisieren\u201c best\u00e4tigen.<\/p>\n<p>Die Ablehnung der Verwendung von Cookies und \/ oder anderen passiven Identifikatoren hat keine Auswirkungen auf Ihren Zugriff auf die Website, mit der Ausnahme, dass Sie nicht auf die Funktionen oder Inhalte zugreifen k\u00f6nnen, bei denen solche Tracking-Tools zum Einsatz kommen.<\/p>\n<p><strong>\u00dcBERMITTLUNG PERSONENBEZOGENER DATEN AN DRITTL\u00c4NDER ODER AN INTERNATIONALE ORGANISATIONEN<\/strong><\/p>\n<p>Ihre Daten werden in keiner Weise an Drittl\u00e4nder au\u00dferhalb der EU oder an internationale Organisationen weitergegeben oder auf Servern in Drittl\u00e4ndern gespeichert.<\/p>\n<p><strong>AUTOMATISIERTE ENTSCHEIDUNGEN<\/strong><\/p>\n<p>Der Verantwortliche verwendet keinerlei System zur automatisierten Entscheidungsfindung bez\u00fcglich Ihrer personenbezogenen Daten.<\/p>\n<p><strong>RECHTE DER BETROFFENEN PERSON <\/strong><\/p>\n<p>Sie haben jederzeit das Recht, vom Verantwortlichen Zugang zu Ihren Daten sowie deren Berichtigung oder L\u00f6schung zu verlangen. Sie erhalten innerhalb von 30 Tagen gegebenenfalls auch auf elektronischem Wege eine schriftliche R\u00fcckmeldung (sofern Sie nicht ausdr\u00fccklich eine m\u00fcndliche R\u00fcckmeldung w\u00fcnschen). Sie haben auch das Recht, die Einschr\u00e4nkung der Verarbeitung zu verlangen oder sie zu verweigern. Sie k\u00f6nnen au\u00dferdem die \u00dcbertragbarkeit Ihrer Daten an einen anderen Verantwortlichen beantragen. Sie k\u00f6nnen dar\u00fcber hinaus die auf dieser Website erteilten Einwilligungen jederzeit widerrufen. Um eine oder mehrere der erteilten Einwilligungen zu widerrufen, wenden Sie sich einfach an eine der oben genannten Adressen.<\/p>\n<p>Wenn Sie der Ansicht sind, dass Ihre Daten rechtswidrig verarbeitet wurden, haben Sie das Recht auf Beschwerde bei der Aufsichtsbeh\u00f6rde.<\/p>\n<\/div><\/div><\/div><\/div><\/div><\/p>\n","protected":false},"excerpt":{"rendered":"","protected":false},"author":1,"featured_media":0,"parent":0,"menu_order":0,"comment_status":"closed","ping_status":"closed","template":"","meta":{"footnotes":""},"class_list":["post-15364","page","type-page","status-publish","hentry"],"_links":{"self":[{"href":"https:\/\/www.menz-gasser.it\/de\/wp-json\/wp\/v2\/pages\/15364","targetHints":{"allow":["GET"]}}],"collection":[{"href":"https:\/\/www.menz-gasser.it\/de\/wp-json\/wp\/v2\/pages"}],"about":[{"href":"https:\/\/www.menz-gasser.it\/de\/wp-json\/wp\/v2\/types\/page"}],"author":[{"embeddable":true,"href":"https:\/\/www.menz-gasser.it\/de\/wp-json\/wp\/v2\/users\/1"}],"replies":[{"embeddable":true,"href":"https:\/\/www.menz-gasser.it\/de\/wp-json\/wp\/v2\/comments?post=15364"}],"version-history":[{"count":5,"href":"https:\/\/www.menz-gasser.it\/de\/wp-json\/wp\/v2\/pages\/15364\/revisions"}],"predecessor-version":[{"id":30549,"href":"https:\/\/www.menz-gasser.it\/de\/wp-json\/wp\/v2\/pages\/15364\/revisions\/30549"}],"wp:attachment":[{"href":"https:\/\/www.menz-gasser.it\/de\/wp-json\/wp\/v2\/media?parent=15364"}],"curies":[{"name":"wp","href":"https:\/\/api.w.org\/{rel}","templated":true}]}}