{"id":15349,"date":"2020-10-28T15:55:39","date_gmt":"2020-10-28T14:55:39","guid":{"rendered":"https:\/\/menz-gasser.lessismore.co.it\/aggiorna-password\/"},"modified":"2021-03-22T16:38:24","modified_gmt":"2021-03-22T15:38:24","slug":"passwort-aktualisieren","status":"publish","type":"page","link":"https:\/\/www.menz-gasser.it\/de\/passwort-aktualisieren\/","title":{"rendered":"Passwort aktualisieren"},"content":{"rendered":"<p><div class=\"fusion-fullwidth fullwidth-box fusion-builder-row-1 fusion-flex-container nonhundred-percent-fullwidth non-hundred-percent-height-scrolling\" style=\"--awb-border-radius-top-left:0px;--awb-border-radius-top-right:0px;--awb-border-radius-bottom-right:0px;--awb-border-radius-bottom-left:0px;--awb-flex-wrap:wrap;\" ><div class=\"fusion-builder-row fusion-row fusion-flex-align-items-flex-start fusion-flex-content-wrap\" style=\"max-width:1331.2px;margin-left: calc(-4% \/ 2 );margin-right: calc(-4% \/ 2 );\"><div class=\"fusion-layout-column fusion_builder_column fusion-builder-column-0 fusion_builder_column_1_1 1_1 fusion-flex-column\" style=\"--awb-bg-size:cover;--awb-width-large:100%;--awb-margin-top-large:0px;--awb-spacing-right-large:1.92%;--awb-margin-bottom-large:20px;--awb-spacing-left-large:1.92%;--awb-width-medium:100%;--awb-order-medium:0;--awb-spacing-right-medium:1.92%;--awb-spacing-left-medium:1.92%;--awb-width-small:100%;--awb-order-small:0;--awb-spacing-right-small:1.92%;--awb-spacing-left-small:1.92%;\"><div class=\"fusion-column-wrapper fusion-column-has-shadow fusion-flex-justify-content-flex-start fusion-content-layout-column\"><div class=\"fusion-title title fusion-title-1 fusion-sep-none fusion-title-center fusion-title-text fusion-title-size-four\" style=\"--awb-text-color:#cead57;--awb-margin-top:0px;--awb-margin-bottom:0px;--awb-margin-top-small:0px;--awb-margin-bottom-small:0px;\"><h4 class=\"fusion-title-heading title-heading-center fusion-responsive-typography-calculated\" style=\"margin:0;--fontSize:32;line-height:1.2;\">Download-Bereich<\/h4><\/div><div class=\"fusion-title title fusion-title-2 fusion-sep-none fusion-title-center fusion-title-text fusion-title-size-one\" style=\"--awb-margin-top:0px;--awb-margin-bottom:20px;--awb-margin-top-small:0px;--awb-margin-bottom-small:0px;\"><h1 class=\"fusion-title-heading title-heading-center fusion-responsive-typography-calculated\" style=\"margin:0;--fontSize:58;line-height:1.2;\">Aggiornamento della password<\/h1><\/div><div class=\"fusion-text fusion-text-1\"><p style=\"text-align: center;\">Geben Sie Ihren Benutzernamen oder Ihre Registrierungs-E-Mail-Adresse ein, Sie erhalten dann einen Link, um Ihr Passwort wiederherzustellen.<\/p>\n<\/div><\/div><\/div><\/div><\/div><div class=\"fusion-fullwidth fullwidth-box fusion-builder-row-2 nonhundred-percent-fullwidth non-hundred-percent-height-scrolling\" style=\"--awb-border-radius-top-left:0px;--awb-border-radius-top-right:0px;--awb-border-radius-bottom-right:0px;--awb-border-radius-bottom-left:0px;--awb-flex-wrap:wrap;\" ><div class=\"fusion-builder-row fusion-row\"><div class=\"fusion-layout-column fusion_builder_column fusion-builder-column-1 fusion_builder_column_1_5 1_5 fusion-one-fifth fusion-column-first\" style=\"--awb-bg-size:cover;--awb-margin-bottom:0px;width:16.8%; margin-right: 4%;\"><div class=\"fusion-column-wrapper fusion-flex-column-wrapper-legacy\"><div class=\"fusion-clearfix\"><\/div><\/div><\/div><div class=\"fusion-layout-column fusion_builder_column fusion-builder-column-2 fusion_builder_column_3_5 3_5 fusion-three-fifth form-toolset\" style=\"--awb-bg-size:cover;--awb-margin-bottom:0px;width:58.4%; margin-right: 4%;\"><div class=\"fusion-column-wrapper fusion-column-has-shadow fusion-flex-column-wrapper-legacy\"><div class=\"fusion-text fusion-text-2\">\n\t\t<form class=\"wpv-form\" name=\"resetpasswordform\" id=\"resetpasswordform\" action=\"https:\/\/www.menz-gasser.it\/de\/login\/?action=resetpass\" method=\"post\">\n\t\t\t<div class=\"wp-success\"><\/div><input type=\"hidden\" id=\"user_login\" name=\"rp_login\" value=\"\" \/><input type=\"hidden\" name=\"rp_key\" value=\"\" autocomplete=\"off\" \/>\n\t\t\t<p class=\"reset-pass\">\n\t\t\t\t<label for=\"pass1\">Neues Passwort<\/label>\n\t\t\t\t<input type=\"password\" name=\"pass1\" id=\"pass1\" class=\"input\" value=\"\" size=\"20\" \/>\n\t\t\t<\/p>\n\t\t\t<p class=\"reset-pass\">\n\t\t\t\t<label for=\"pass2\">Neues Passwort wiederholen<\/label>\n\t\t\t\t<input type=\"password\" name=\"pass2\" id=\"pass2\" class=\"input\" value=\"\" size=\"20\" \/>\n\t\t\t<\/p>\n\n\t\t\t<p class=\"description\">Tipp: Das Passwort sollte mindestens zw\u00f6lf Zeichen lang sein. F\u00fcr ein st\u00e4rkeres Passwort verwende Gro\u00df- und Kleinbuchstaben, Zahlen und Sonderzeichen wie ! \" ? $ % ^ &amp; ).<\/p>\n\t\t\t\n\t\t\t<p class=\"login-submit\">\n\t\t\t\t<input type=\"submit\" name=\"wp-submit\" id=\"wp-submit\" class=\"button-primary\" value=\"Passwort zur\u00fccksetzen\" \/>\n\t\t\t\t<input type=\"hidden\" name=\"redirect_to\" value=\"https:\/\/www.menz-gasser.it\/de\/wp-json\/wp\/v2\/pages\/15349\" \/>\n\t\t\t<\/p>\n\t\t\t<input type=\"hidden\" name=\"wpv_reset_password_form\" value=\"on\"\/><input type=\"hidden\" name=\"wpv_reset_password_form_redirect_on_fail\" value=\"https:\/\/www.menz-gasser.it\/de\/wp-json\/wp\/v2\/pages\/15349\" \/>\n\t\t<\/form>\n<\/div><div class=\"fusion-clearfix\"><\/div><\/div><\/div><div class=\"fusion-layout-column fusion_builder_column fusion-builder-column-3 fusion_builder_column_1_5 1_5 fusion-one-fifth fusion-column-last\" style=\"--awb-bg-size:cover;--awb-margin-bottom:0px;width:16.8%;\"><div class=\"fusion-column-wrapper fusion-flex-column-wrapper-legacy\"><div class=\"fusion-clearfix\"><\/div><\/div><\/div><\/div><\/div><\/p>\n","protected":false},"excerpt":{"rendered":"","protected":false},"author":4,"featured_media":0,"parent":0,"menu_order":0,"comment_status":"closed","ping_status":"closed","template":"","meta":{"footnotes":""},"class_list":["post-15349","page","type-page","status-publish","hentry"],"_links":{"self":[{"href":"https:\/\/www.menz-gasser.it\/de\/wp-json\/wp\/v2\/pages\/15349","targetHints":{"allow":["GET"]}}],"collection":[{"href":"https:\/\/www.menz-gasser.it\/de\/wp-json\/wp\/v2\/pages"}],"about":[{"href":"https:\/\/www.menz-gasser.it\/de\/wp-json\/wp\/v2\/types\/page"}],"author":[{"embeddable":true,"href":"https:\/\/www.menz-gasser.it\/de\/wp-json\/wp\/v2\/users\/4"}],"replies":[{"embeddable":true,"href":"https:\/\/www.menz-gasser.it\/de\/wp-json\/wp\/v2\/comments?post=15349"}],"version-history":[{"count":5,"href":"https:\/\/www.menz-gasser.it\/de\/wp-json\/wp\/v2\/pages\/15349\/revisions"}],"predecessor-version":[{"id":18371,"href":"https:\/\/www.menz-gasser.it\/de\/wp-json\/wp\/v2\/pages\/15349\/revisions\/18371"}],"wp:attachment":[{"href":"https:\/\/www.menz-gasser.it\/de\/wp-json\/wp\/v2\/media?parent=15349"}],"curies":[{"name":"wp","href":"https:\/\/api.w.org\/{rel}","templated":true}]}}